{"id":10301,"date":"2023-12-14T12:14:35","date_gmt":"2023-12-14T09:14:35","guid":{"rendered":"https:\/\/zerowebdemo.com\/unyemaden\/index.php\/raw-material-deposits-copy\/"},"modified":"2025-11-05T17:06:30","modified_gmt":"2025-11-05T14:06:30","slug":"certificates","status":"publish","type":"page","link":"https:\/\/unyemaden.com\/ru\/\u0441\u0435\u0440\u0442\u0438\u0444\u0438\u043a\u0430\u0442\u044b\/","title":{"rendered":"\u0421\u0435\u0440\u0442\u0438\u0444\u0438\u043a\u0430\u0442\u044b"},"content":{"rendered":"<div data-elementor-type=\"wp-page\" data-elementor-id=\"10301\" class=\"elementor elementor-10301\">\n\t\t\t\t\t\t<section class=\"elementor-section elementor-top-section elementor-element elementor-element-aec0b1f elementor-section-boxed elementor-section-height-default elementor-section-height-default\" data-id=\"aec0b1f\" data-element_type=\"section\">\n\t\t\t\t\t\t<div class=\"elementor-container elementor-column-gap-default\">\n\t\t\t\t\t<div class=\"elementor-column elementor-col-100 elementor-top-column elementor-element elementor-element-04fc33f\" data-id=\"04fc33f\" data-element_type=\"column\">\n\t\t\t<div class=\"elementor-widget-wrap elementor-element-populated\">\n\t\t\t\t\t\t<div class=\"elementor-element elementor-element-21c1410 elementor-widget elementor-widget-image-gallery\" data-id=\"21c1410\" data-element_type=\"widget\" data-widget_type=\"image-gallery.default\">\n\t\t\t\t<div class=\"elementor-widget-container\">\n\t\t\t\t\t<div class=\"elementor-image-gallery\">\n\t\t\t<div id='gallery-1' class='gallery galleryid-10301 gallery-columns-3 gallery-size-medium_large'><figure class='gallery-item'>\n\t\t\t<div class='gallery-icon portrait'>\n\t\t\t\t<a data-elementor-open-lightbox=\"yes\" data-elementor-lightbox-slideshow=\"21c1410\" data-elementor-lightbox-title=\"3- \u00dcNYE MADENC\u0130L\u0130K BRCGGM Issue 4 AA Grade 17.01.2026_page-0001\" data-e-action-hash=\"#elementor-action%3Aaction%3Dlightbox%26settings%3DeyJpZCI6MTE4NDksInVybCI6Imh0dHBzOlwvXC91bnllbWFkZW4uY29tXC93cC1jb250ZW50XC91cGxvYWRzXC8yMDI1XC8xMVwvMy1VTllFLU1BREVOQ0lMSUstQlJDR0dNLUlzc3VlLTQtQUEtR3JhZGUtMTcuMDEuMjAyNl9wYWdlLTAwMDEuanBnIiwic2xpZGVzaG93IjoiMjFjMTQxMCJ9\" href='https:\/\/unyemaden.com\/wp-content\/uploads\/2025\/11\/3-UNYE-MADENCILIK-BRCGGM-Issue-4-AA-Grade-17.01.2026_page-0001.jpg'><img decoding=\"async\" width=\"768\" height=\"1087\" src=\"https:\/\/unyemaden.com\/wp-content\/uploads\/2025\/11\/3-UNYE-MADENCILIK-BRCGGM-Issue-4-AA-Grade-17.01.2026_page-0001.jpg\" class=\"attachment-medium_large size-medium_large\" alt=\"\" aria-describedby=\"gallery-1-11849\" srcset=\"https:\/\/unyemaden.com\/wp-content\/uploads\/2025\/11\/3-UNYE-MADENCILIK-BRCGGM-Issue-4-AA-Grade-17.01.2026_page-0001.jpg 1241w, https:\/\/unyemaden.com\/wp-content\/uploads\/2025\/11\/3-UNYE-MADENCILIK-BRCGGM-Issue-4-AA-Grade-17.01.2026_page-0001-212x300.jpg 212w, https:\/\/unyemaden.com\/wp-content\/uploads\/2025\/11\/3-UNYE-MADENCILIK-BRCGGM-Issue-4-AA-Grade-17.01.2026_page-0001-724x1024.jpg 724w, https:\/\/unyemaden.com\/wp-content\/uploads\/2025\/11\/3-UNYE-MADENCILIK-BRCGGM-Issue-4-AA-Grade-17.01.2026_page-0001-8x12.jpg 8w\" sizes=\"(max-width: 768px) 100vw, 768px\" itemprop=\"image\" \/><\/a>\n\t\t\t<\/div>\n\t\t\t\t<figcaption class='wp-caption-text gallery-caption' id='gallery-1-11849'>\n\t\t\t\tBRCGGM\n\t\t\t\t<\/figcaption><\/figure><figure class='gallery-item'>\n\t\t\t<div class='gallery-icon portrait'>\n\t\t\t\t<a data-elementor-open-lightbox=\"yes\" data-elementor-lightbox-slideshow=\"21c1410\" data-elementor-lightbox-title=\"\u00dcNYE MADENC\u0130L\u0130K 9001- 01.10.2028_page-0001\" data-e-action-hash=\"#elementor-action%3Aaction%3Dlightbox%26settings%3DeyJpZCI6MTE4NDYsInVybCI6Imh0dHBzOlwvXC91bnllbWFkZW4uY29tXC93cC1jb250ZW50XC91cGxvYWRzXC8yMDI1XC8xMVwvVU5ZRS1NQURFTkNJTElLLTkwMDEtMDEuMTAuMjAyOF9wYWdlLTAwMDEuanBnIiwic2xpZGVzaG93IjoiMjFjMTQxMCJ9\" href='https:\/\/unyemaden.com\/wp-content\/uploads\/2025\/11\/UNYE-MADENCILIK-9001-01.10.2028_page-0001.jpg'><img decoding=\"async\" width=\"768\" height=\"1086\" src=\"data:image\/svg+xml;charset=utf-8,%3Csvg xmlns%3D&#039;http%3A%2F%2Fwww.w3.org%2F2000%2Fsvg&#039; viewBox%3D&#039;0 0 1241 1755&#039;%2F%3E\" class=\"attachment-medium_large size-medium_large ld-lazyload\" alt=\"\" aria-describedby=\"gallery-1-11846\" itemprop=\"image\" data-src=\"https:\/\/unyemaden.com\/wp-content\/uploads\/2025\/11\/UNYE-MADENCILIK-9001-01.10.2028_page-0001.jpg\" data-srcset=\"https:\/\/unyemaden.com\/wp-content\/uploads\/2025\/11\/UNYE-MADENCILIK-9001-01.10.2028_page-0001.jpg 1241w, https:\/\/unyemaden.com\/wp-content\/uploads\/2025\/11\/UNYE-MADENCILIK-9001-01.10.2028_page-0001-212x300.jpg 212w, https:\/\/unyemaden.com\/wp-content\/uploads\/2025\/11\/UNYE-MADENCILIK-9001-01.10.2028_page-0001-724x1024.jpg 724w, https:\/\/unyemaden.com\/wp-content\/uploads\/2025\/11\/UNYE-MADENCILIK-9001-01.10.2028_page-0001-8x12.jpg 8w\" data-sizes=\"(max-width: 768px) 100vw, 768px\" data-aspect=\"0.70712250712251\" \/><\/a>\n\t\t\t<\/div>\n\t\t\t\t<figcaption class='wp-caption-text gallery-caption' id='gallery-1-11846'>\n\t\t\t\tISO 9001-2015\n\t\t\t\t<\/figcaption><\/figure><figure class='gallery-item'>\n\t\t\t<div class='gallery-icon portrait'>\n\t\t\t\t<a data-elementor-open-lightbox=\"yes\" data-elementor-lightbox-slideshow=\"21c1410\" data-elementor-lightbox-title=\"\u00dcNYE MADENC\u0130L\u0130K 14001 - 01.10.2028_page-0001\" data-e-action-hash=\"#elementor-action%3Aaction%3Dlightbox%26settings%3DeyJpZCI6MTE4NDcsInVybCI6Imh0dHBzOlwvXC91bnllbWFkZW4uY29tXC93cC1jb250ZW50XC91cGxvYWRzXC8yMDI1XC8xMVwvVU5ZRS1NQURFTkNJTElLLTE0MDAxLTAxLjEwLjIwMjhfcGFnZS0wMDAxLmpwZyIsInNsaWRlc2hvdyI6IjIxYzE0MTAifQ%3D%3D\" href='https:\/\/unyemaden.com\/wp-content\/uploads\/2025\/11\/UNYE-MADENCILIK-14001-01.10.2028_page-0001.jpg'><img decoding=\"async\" width=\"768\" height=\"1086\" src=\"data:image\/svg+xml;charset=utf-8,%3Csvg xmlns%3D&#039;http%3A%2F%2Fwww.w3.org%2F2000%2Fsvg&#039; viewBox%3D&#039;0 0 1241 1755&#039;%2F%3E\" class=\"attachment-medium_large size-medium_large ld-lazyload\" alt=\"\" aria-describedby=\"gallery-1-11847\" itemprop=\"image\" data-src=\"https:\/\/unyemaden.com\/wp-content\/uploads\/2025\/11\/UNYE-MADENCILIK-14001-01.10.2028_page-0001.jpg\" data-srcset=\"https:\/\/unyemaden.com\/wp-content\/uploads\/2025\/11\/UNYE-MADENCILIK-14001-01.10.2028_page-0001.jpg 1241w, https:\/\/unyemaden.com\/wp-content\/uploads\/2025\/11\/UNYE-MADENCILIK-14001-01.10.2028_page-0001-212x300.jpg 212w, https:\/\/unyemaden.com\/wp-content\/uploads\/2025\/11\/UNYE-MADENCILIK-14001-01.10.2028_page-0001-724x1024.jpg 724w, https:\/\/unyemaden.com\/wp-content\/uploads\/2025\/11\/UNYE-MADENCILIK-14001-01.10.2028_page-0001-8x12.jpg 8w\" data-sizes=\"(max-width: 768px) 100vw, 768px\" data-aspect=\"0.70712250712251\" \/><\/a>\n\t\t\t<\/div>\n\t\t\t\t<figcaption class='wp-caption-text gallery-caption' id='gallery-1-11847'>\n\t\t\t\tISO 14001-2015\n\t\t\t\t<\/figcaption><\/figure><figure class='gallery-item'>\n\t\t\t<div class='gallery-icon portrait'>\n\t\t\t\t<a data-elementor-open-lightbox=\"yes\" data-elementor-lightbox-slideshow=\"21c1410\" data-elementor-lightbox-title=\"\u00dcNYE MADENC\u0130L\u0130K 45001 - 01.10.2028_page-0001\" data-e-action-hash=\"#elementor-action%3Aaction%3Dlightbox%26settings%3DeyJpZCI6MTE4NDUsInVybCI6Imh0dHBzOlwvXC91bnllbWFkZW4uY29tXC93cC1jb250ZW50XC91cGxvYWRzXC8yMDI1XC8xMVwvVU5ZRS1NQURFTkNJTElLLTQ1MDAxLTAxLjEwLjIwMjhfcGFnZS0wMDAxLmpwZyIsInNsaWRlc2hvdyI6IjIxYzE0MTAifQ%3D%3D\" href='https:\/\/unyemaden.com\/wp-content\/uploads\/2025\/11\/UNYE-MADENCILIK-45001-01.10.2028_page-0001.jpg'><img decoding=\"async\" width=\"768\" height=\"1086\" src=\"data:image\/svg+xml;charset=utf-8,%3Csvg xmlns%3D&#039;http%3A%2F%2Fwww.w3.org%2F2000%2Fsvg&#039; viewBox%3D&#039;0 0 1241 1755&#039;%2F%3E\" class=\"attachment-medium_large size-medium_large ld-lazyload\" alt=\"\" aria-describedby=\"gallery-1-11845\" itemprop=\"image\" data-src=\"https:\/\/unyemaden.com\/wp-content\/uploads\/2025\/11\/UNYE-MADENCILIK-45001-01.10.2028_page-0001.jpg\" data-srcset=\"https:\/\/unyemaden.com\/wp-content\/uploads\/2025\/11\/UNYE-MADENCILIK-45001-01.10.2028_page-0001.jpg 1241w, https:\/\/unyemaden.com\/wp-content\/uploads\/2025\/11\/UNYE-MADENCILIK-45001-01.10.2028_page-0001-212x300.jpg 212w, https:\/\/unyemaden.com\/wp-content\/uploads\/2025\/11\/UNYE-MADENCILIK-45001-01.10.2028_page-0001-724x1024.jpg 724w, https:\/\/unyemaden.com\/wp-content\/uploads\/2025\/11\/UNYE-MADENCILIK-45001-01.10.2028_page-0001-8x12.jpg 8w\" data-sizes=\"(max-width: 768px) 100vw, 768px\" data-aspect=\"0.70712250712251\" \/><\/a>\n\t\t\t<\/div>\n\t\t\t\t<figcaption class='wp-caption-text gallery-caption' id='gallery-1-11845'>\n\t\t\t\tISO 45001-2018\n\t\t\t\t<\/figcaption><\/figure><figure class='gallery-item'>\n\t\t\t<div class='gallery-icon portrait'>\n\t\t\t\t<a data-elementor-open-lightbox=\"yes\" data-elementor-lightbox-slideshow=\"21c1410\" data-elementor-lightbox-title=\"A.\u015e. Unvan ISO 50001-2018 belge ge\u00e7erlilik 26.12.2026_page-0001\" data-e-action-hash=\"#elementor-action%3Aaction%3Dlightbox%26settings%3DeyJpZCI6MTE4NTAsInVybCI6Imh0dHBzOlwvXC91bnllbWFkZW4uY29tXC93cC1jb250ZW50XC91cGxvYWRzXC8yMDI1XC8xMVwvQS5TLi1VbnZhbi1JU08tNTAwMDEtMjAxOC1iZWxnZS1nZWNlcmxpbGlrLTI2LjEyLjIwMjZfcGFnZS0wMDAxLmpwZyIsInNsaWRlc2hvdyI6IjIxYzE0MTAifQ%3D%3D\" href='https:\/\/unyemaden.com\/wp-content\/uploads\/2025\/11\/A.S.-Unvan-ISO-50001-2018-belge-gecerlilik-26.12.2026_page-0001.jpg'><img decoding=\"async\" width=\"768\" height=\"1086\" src=\"data:image\/svg+xml;charset=utf-8,%3Csvg xmlns%3D&#039;http%3A%2F%2Fwww.w3.org%2F2000%2Fsvg&#039; viewBox%3D&#039;0 0 1241 1755&#039;%2F%3E\" class=\"attachment-medium_large size-medium_large ld-lazyload\" alt=\"\" aria-describedby=\"gallery-1-11850\" itemprop=\"image\" data-src=\"https:\/\/unyemaden.com\/wp-content\/uploads\/2025\/11\/A.S.-Unvan-ISO-50001-2018-belge-gecerlilik-26.12.2026_page-0001.jpg\" data-srcset=\"https:\/\/unyemaden.com\/wp-content\/uploads\/2025\/11\/A.S.-Unvan-ISO-50001-2018-belge-gecerlilik-26.12.2026_page-0001.jpg 1241w, https:\/\/unyemaden.com\/wp-content\/uploads\/2025\/11\/A.S.-Unvan-ISO-50001-2018-belge-gecerlilik-26.12.2026_page-0001-212x300.jpg 212w, https:\/\/unyemaden.com\/wp-content\/uploads\/2025\/11\/A.S.-Unvan-ISO-50001-2018-belge-gecerlilik-26.12.2026_page-0001-724x1024.jpg 724w, https:\/\/unyemaden.com\/wp-content\/uploads\/2025\/11\/A.S.-Unvan-ISO-50001-2018-belge-gecerlilik-26.12.2026_page-0001-8x12.jpg 8w\" data-sizes=\"(max-width: 768px) 100vw, 768px\" data-aspect=\"0.70712250712251\" \/><\/a>\n\t\t\t<\/div>\n\t\t\t\t<figcaption class='wp-caption-text gallery-caption' id='gallery-1-11850'>\n\t\t\t\tISO 50001-2018\n\t\t\t\t<\/figcaption><\/figure><figure class='gallery-item'>\n\t\t\t<div class='gallery-icon portrait'>\n\t\t\t\t<a data-elementor-open-lightbox=\"yes\" data-elementor-lightbox-slideshow=\"21c1410\" data-elementor-lightbox-title=\"Sedex-_poster-EN \u00fcyelik_page-0001\" data-e-action-hash=\"#elementor-action%3Aaction%3Dlightbox%26settings%3DeyJpZCI6MTE4NDgsInVybCI6Imh0dHBzOlwvXC91bnllbWFkZW4uY29tXC93cC1jb250ZW50XC91cGxvYWRzXC8yMDI1XC8xMVwvU2VkZXgtX3Bvc3Rlci1FTi11eWVsaWtfcGFnZS0wMDAxLmpwZyIsInNsaWRlc2hvdyI6IjIxYzE0MTAifQ%3D%3D\" href='https:\/\/unyemaden.com\/wp-content\/uploads\/2025\/11\/Sedex-_poster-EN-uyelik_page-0001.jpg'><img decoding=\"async\" width=\"768\" height=\"1087\" src=\"data:image\/svg+xml;charset=utf-8,%3Csvg xmlns%3D&#039;http%3A%2F%2Fwww.w3.org%2F2000%2Fsvg&#039; viewBox%3D&#039;0 0 1240 1755&#039;%2F%3E\" class=\"attachment-medium_large size-medium_large ld-lazyload\" alt=\"\" aria-describedby=\"gallery-1-11848\" itemprop=\"image\" data-src=\"https:\/\/unyemaden.com\/wp-content\/uploads\/2025\/11\/Sedex-_poster-EN-uyelik_page-0001.jpg\" data-srcset=\"https:\/\/unyemaden.com\/wp-content\/uploads\/2025\/11\/Sedex-_poster-EN-uyelik_page-0001.jpg 1240w, https:\/\/unyemaden.com\/wp-content\/uploads\/2025\/11\/Sedex-_poster-EN-uyelik_page-0001-212x300.jpg 212w, https:\/\/unyemaden.com\/wp-content\/uploads\/2025\/11\/Sedex-_poster-EN-uyelik_page-0001-724x1024.jpg 724w, https:\/\/unyemaden.com\/wp-content\/uploads\/2025\/11\/Sedex-_poster-EN-uyelik_page-0001-8x12.jpg 8w\" data-sizes=\"(max-width: 768px) 100vw, 768px\" data-aspect=\"0.70655270655271\" \/><\/a>\n\t\t\t<\/div>\n\t\t\t\t<figcaption class='wp-caption-text gallery-caption' id='gallery-1-11848'>\n\t\t\t\tSEDEX\n\t\t\t\t<\/figcaption><\/figure><figure class='gallery-item'>\n\t\t\t<div class='gallery-icon portrait'>\n\t\t\t\t<a data-elementor-open-lightbox=\"yes\" data-elementor-lightbox-slideshow=\"21c1410\" data-elementor-lightbox-title=\"PLT-002 SOCIAL COMPLIANCE POLICY 1.11.2021\" data-e-action-hash=\"#elementor-action%3Aaction%3Dlightbox%26settings%3DeyJpZCI6MTE4NDMsInVybCI6Imh0dHBzOlwvXC91bnllbWFkZW4uY29tXC93cC1jb250ZW50XC91cGxvYWRzXC8yMDI1XC8xMVwvUExULTAwMi1TT0NJQUwtQ09NUExJQU5DRS1QT0xJQ1ktMS4xMS4yMDIxLnBuZyIsInNsaWRlc2hvdyI6IjIxYzE0MTAifQ%3D%3D\" href='https:\/\/unyemaden.com\/wp-content\/uploads\/2025\/11\/PLT-002-SOCIAL-COMPLIANCE-POLICY-1.11.2021.png'><img decoding=\"async\" width=\"768\" height=\"1086\" src=\"data:image\/svg+xml;charset=utf-8,%3Csvg xmlns%3D&#039;http%3A%2F%2Fwww.w3.org%2F2000%2Fsvg&#039; viewBox%3D&#039;0 0 1191 1684&#039;%2F%3E\" class=\"attachment-medium_large size-medium_large ld-lazyload\" alt=\"\" aria-describedby=\"gallery-1-11843\" itemprop=\"image\" data-src=\"https:\/\/unyemaden.com\/wp-content\/uploads\/2025\/11\/PLT-002-SOCIAL-COMPLIANCE-POLICY-1.11.2021.png\" data-srcset=\"https:\/\/unyemaden.com\/wp-content\/uploads\/2025\/11\/PLT-002-SOCIAL-COMPLIANCE-POLICY-1.11.2021.png 1191w, https:\/\/unyemaden.com\/wp-content\/uploads\/2025\/11\/PLT-002-SOCIAL-COMPLIANCE-POLICY-1.11.2021-212x300.png 212w, https:\/\/unyemaden.com\/wp-content\/uploads\/2025\/11\/PLT-002-SOCIAL-COMPLIANCE-POLICY-1.11.2021-724x1024.png 724w, https:\/\/unyemaden.com\/wp-content\/uploads\/2025\/11\/PLT-002-SOCIAL-COMPLIANCE-POLICY-1.11.2021-8x12.png 8w\" data-sizes=\"(max-width: 768px) 100vw, 768px\" data-aspect=\"0.70724465558195\" \/><\/a>\n\t\t\t<\/div>\n\t\t\t\t<figcaption class='wp-caption-text gallery-caption' id='gallery-1-11843'>\n\t\t\t\t\u041f\u043e\u043b\u0438\u0442\u0438\u043a\u0430 \u0441\u043e\u0431\u043b\u044e\u0434\u0435\u043d\u0438\u044f \u0441\u043e\u0446\u0438\u0430\u043b\u044c\u043d\u044b\u0445 \u043d\u043e\u0440\u043c\n\t\t\t\t<\/figcaption><\/figure><figure class='gallery-item'>\n\t\t\t<div class='gallery-icon portrait'>\n\t\t\t\t<a data-elementor-open-lightbox=\"yes\" data-elementor-lightbox-slideshow=\"21c1410\" data-elementor-lightbox-title=\"PLT-001 Integrated policy- Eng\" data-e-action-hash=\"#elementor-action%3Aaction%3Dlightbox%26settings%3DeyJpZCI6MTE4NDQsInVybCI6Imh0dHBzOlwvXC91bnllbWFkZW4uY29tXC93cC1jb250ZW50XC91cGxvYWRzXC8yMDI1XC8xMVwvUExULTAwMS1JbnRlZ3JhdGVkLXBvbGljeS1FbmcucG5nIiwic2xpZGVzaG93IjoiMjFjMTQxMCJ9\" href='https:\/\/unyemaden.com\/wp-content\/uploads\/2025\/11\/PLT-001-Integrated-policy-Eng.png'><img decoding=\"async\" width=\"768\" height=\"1086\" src=\"data:image\/svg+xml;charset=utf-8,%3Csvg xmlns%3D&#039;http%3A%2F%2Fwww.w3.org%2F2000%2Fsvg&#039; viewBox%3D&#039;0 0 1191 1684&#039;%2F%3E\" class=\"attachment-medium_large size-medium_large ld-lazyload\" alt=\"\" aria-describedby=\"gallery-1-11844\" itemprop=\"image\" data-src=\"https:\/\/unyemaden.com\/wp-content\/uploads\/2025\/11\/PLT-001-Integrated-policy-Eng.png\" data-srcset=\"https:\/\/unyemaden.com\/wp-content\/uploads\/2025\/11\/PLT-001-Integrated-policy-Eng.png 1191w, https:\/\/unyemaden.com\/wp-content\/uploads\/2025\/11\/PLT-001-Integrated-policy-Eng-212x300.png 212w, https:\/\/unyemaden.com\/wp-content\/uploads\/2025\/11\/PLT-001-Integrated-policy-Eng-724x1024.png 724w, https:\/\/unyemaden.com\/wp-content\/uploads\/2025\/11\/PLT-001-Integrated-policy-Eng-8x12.png 8w\" data-sizes=\"(max-width: 768px) 100vw, 768px\" data-aspect=\"0.70724465558195\" \/><\/a>\n\t\t\t<\/div>\n\t\t\t\t<figcaption class='wp-caption-text gallery-caption' id='gallery-1-11844'>\n\t\t\t\tIntegrated policy\n\t\t\t\t<\/figcaption><\/figure><figure class='gallery-item'>\n\t\t\t<div class='gallery-icon landscape'>\n\t\t\t\t<a data-elementor-open-lightbox=\"yes\" data-elementor-lightbox-slideshow=\"21c1410\" data-elementor-lightbox-title=\"S\u0131f\u0131r At\u0131k Belge 01.08.2030 A.\u015e._page-0001\" data-e-action-hash=\"#elementor-action%3Aaction%3Dlightbox%26settings%3DeyJpZCI6MTE4NDIsInVybCI6Imh0dHBzOlwvXC91bnllbWFkZW4uY29tXC93cC1jb250ZW50XC91cGxvYWRzXC8yMDI1XC8xMVwvU2lmaXItQXRpay1CZWxnZS0wMS4wOC4yMDMwLUEuUy5fcGFnZS0wMDAxLmpwZyIsInNsaWRlc2hvdyI6IjIxYzE0MTAifQ%3D%3D\" href='https:\/\/unyemaden.com\/wp-content\/uploads\/2025\/11\/Sifir-Atik-Belge-01.08.2030-A.S._page-0001.jpg'><img decoding=\"async\" width=\"768\" height=\"543\" src=\"data:image\/svg+xml;charset=utf-8,%3Csvg xmlns%3D&#039;http%3A%2F%2Fwww.w3.org%2F2000%2Fsvg&#039; viewBox%3D&#039;0 0 1755 1240&#039;%2F%3E\" class=\"attachment-medium_large size-medium_large ld-lazyload\" alt=\"\" aria-describedby=\"gallery-1-11842\" itemprop=\"image\" data-src=\"https:\/\/unyemaden.com\/wp-content\/uploads\/2025\/11\/Sifir-Atik-Belge-01.08.2030-A.S._page-0001.jpg\" data-srcset=\"https:\/\/unyemaden.com\/wp-content\/uploads\/2025\/11\/Sifir-Atik-Belge-01.08.2030-A.S._page-0001.jpg 1755w, https:\/\/unyemaden.com\/wp-content\/uploads\/2025\/11\/Sifir-Atik-Belge-01.08.2030-A.S._page-0001-300x212.jpg 300w, https:\/\/unyemaden.com\/wp-content\/uploads\/2025\/11\/Sifir-Atik-Belge-01.08.2030-A.S._page-0001-1024x724.jpg 1024w, https:\/\/unyemaden.com\/wp-content\/uploads\/2025\/11\/Sifir-Atik-Belge-01.08.2030-A.S._page-0001-18x12.jpg 18w\" data-sizes=\"(max-width: 768px) 100vw, 768px\" data-aspect=\"1.4153225806452\" \/><\/a>\n\t\t\t<\/div>\n\t\t\t\t<figcaption class='wp-caption-text gallery-caption' id='gallery-1-11842'>\n\t\t\t\tS\u0131f\u0131r At\u0131k\n\t\t\t\t<\/figcaption><\/figure><figure class='gallery-item'>\n\t\t\t<div class='gallery-icon landscape'>\n\t\t\t\t<a data-elementor-open-lightbox=\"yes\" data-elementor-lightbox-slideshow=\"21c1410\" data-elementor-lightbox-title=\"ye\u015fil nokta \u00dcnye Maden 2025 Sertifika - EN_page-0001\" data-e-action-hash=\"#elementor-action%3Aaction%3Dlightbox%26settings%3DeyJpZCI6MTE4NDEsInVybCI6Imh0dHBzOlwvXC91bnllbWFkZW4uY29tXC93cC1jb250ZW50XC91cGxvYWRzXC8yMDI1XC8xMVwveWVzaWwtbm9rdGEtVW55ZS1NYWRlbi0yMDI1LVNlcnRpZmlrYS1FTl9wYWdlLTAwMDEuanBnIiwic2xpZGVzaG93IjoiMjFjMTQxMCJ9\" href='https:\/\/unyemaden.com\/wp-content\/uploads\/2025\/11\/yesil-nokta-Unye-Maden-2025-Sertifika-EN_page-0001.jpg'><img decoding=\"async\" width=\"768\" height=\"543\" src=\"data:image\/svg+xml;charset=utf-8,%3Csvg xmlns%3D&#039;http%3A%2F%2Fwww.w3.org%2F2000%2Fsvg&#039; viewBox%3D&#039;0 0 1755 1240&#039;%2F%3E\" class=\"attachment-medium_large size-medium_large ld-lazyload\" alt=\"\" aria-describedby=\"gallery-1-11841\" itemprop=\"image\" data-src=\"https:\/\/unyemaden.com\/wp-content\/uploads\/2025\/11\/yesil-nokta-Unye-Maden-2025-Sertifika-EN_page-0001.jpg\" data-srcset=\"https:\/\/unyemaden.com\/wp-content\/uploads\/2025\/11\/yesil-nokta-Unye-Maden-2025-Sertifika-EN_page-0001.jpg 1755w, https:\/\/unyemaden.com\/wp-content\/uploads\/2025\/11\/yesil-nokta-Unye-Maden-2025-Sertifika-EN_page-0001-300x212.jpg 300w, https:\/\/unyemaden.com\/wp-content\/uploads\/2025\/11\/yesil-nokta-Unye-Maden-2025-Sertifika-EN_page-0001-1024x724.jpg 1024w, https:\/\/unyemaden.com\/wp-content\/uploads\/2025\/11\/yesil-nokta-Unye-Maden-2025-Sertifika-EN_page-0001-18x12.jpg 18w\" data-sizes=\"(max-width: 768px) 100vw, 768px\" data-aspect=\"1.4153225806452\" \/><\/a>\n\t\t\t<\/div>\n\t\t\t\t<figcaption class='wp-caption-text gallery-caption' id='gallery-1-11841'>\n\t\t\t\tGreen Dot Brand\n\t\t\t\t<\/figcaption><\/figure>\n\t\t<\/div>\n\t\t<\/div>\n\t\t\t\t<\/div>\n\t\t\t\t<\/div>\n\t\t\t\t\t<\/div>\n\t\t<\/div>\n\t\t\t\t\t<\/div>\n\t\t<\/section>\n\t\t\t\t<\/div>","protected":false},"excerpt":{"rendered":"<p>BRCGGM ISO 9001-2015 ISO 14001-2015 ISO 45001-2018 ISO 50001-2018 SEDEX Social Compliance Policy Integrated policy S\u0131f\u0131r At\u0131k Green Dot Brand<\/p>","protected":false},"author":1,"featured_media":0,"parent":0,"menu_order":0,"comment_status":"closed","ping_status":"closed","template":"","meta":{"footnotes":""},"class_list":["post-10301","page","type-page","status-publish","hentry"],"rankMath":{"parentDomain":"unyemaden.com","noFollowDomains":[],"noFollowExcludeDomains":[],"noFollowExternalLinks":false,"featuredImageNotice":"The featured image should be at least 200 by 200 pixels to be picked up by Facebook and other social media sites.","pluginReviewed":false,"postSettings":{"linkSuggestions":true,"useFocusKeyword":false},"frontEndScore":false,"postName":"certificates","permalinkFormat":"https:\/\/unyemaden.com\/ru\/%pagename%\/","showLockModifiedDate":true,"assessor":{"focusKeywordLink":"https:\/\/unyemaden.com\/wp-admin\/edit.php?focus_keyword=%focus_keyword%&post_type=%post_type%","hasTOCPlugin":false,"primaryTaxonomy":false,"serpData":{"title":"","description":"","focusKeywords":"","pillarContent":false,"canonicalUrl":"","breadcrumbTitle":"","advancedRobots":[],"facebookTitle":"","facebookDescription":"","facebookImage":"","facebookImageID":"","facebookHasOverlay":false,"facebookImageOverlay":"","facebookAuthor":"","twitterCardType":"","twitterUseFacebook":true,"twitterTitle":"","twitterDescription":"","twitterImage":"","twitterImageID":"","twitterHasOverlay":false,"twitterImageOverlay":"","twitterPlayerUrl":"","twitterPlayerSize":"","twitterPlayerStream":"","twitterPlayerStreamCtype":"","twitterAppDescription":"","twitterAppIphoneName":"","twitterAppIphoneID":"","twitterAppIphoneUrl":"","twitterAppIpadName":"","twitterAppIpadID":"","twitterAppIpadUrl":"","twitterAppGoogleplayName":"","twitterAppGoogleplayID":"","twitterAppGoogleplayUrl":"","twitterAppCountry":"","robots":{"index":true},"twitterAuthor":"username","primaryTerm":0,"authorName":"zero","titleTemplate":"%title% %sep% %sitename%","descriptionTemplate":"%excerpt%","showScoreFrontend":true,"lockModifiedDate":false},"powerWords":[],"diacritics":{"A":"[\\u0410\\u0430]","B":"[\\u0411\\u0431]","V":"[\\u0412\\u0432]","G":"[\\u0413\\u0433]","D":"[\\u0414\\u0434]","YE":"[\\u0415\\u0435]","YO":"[\\u0401\\u0451]","ZH":"[\\u0416\\u0436]","Z":"[\\u0417\\u0437]","EE":"[\\u0418\\u0438]","YI":"[\\u0419\\u0439]","K":"[\\u041A\\u043A]","L":"[\\u041B\\u043B]","M":"[\\u041C\\u043c]","P":"[\\u041F\\u043F]","T":"[\\u0422\\u0442]","U":"[\\u0423\\u0443]","F":"[\\u0424\\u0444]","H":"[\\u0425\\u0445]","TS":"[\\u0426\\u0446]","CH":"[\\u0427\\u0447]","SH":"[\\u0428\\u0448\\u0429\\u0449]","I":"[\\u042B\\u044B]","E":"[\\u042D\\u044D]","YU":"[\\u042E\\u044E]","YA":"[\\u042F\\u044F]","N":"[\\u041D\\u043D]"},"researchesTests":["contentHasTOC","contentHasShortParagraphs","contentHasAssets","keywordInTitle","keywordInMetaDescription","keywordInPermalink","keywordIn10Percent","keywordInContent","keywordInSubheadings","keywordInImageAlt","keywordDensity","keywordNotUsed","lengthContent","lengthPermalink","linksHasInternal","linksHasExternals","linksNotAllExternals","titleStartWithKeyword","titleSentiment","titleHasPowerWords","titleHasNumber","hasContentAI"],"hasRedirection":false,"hasBreadcrumb":false},"homeUrl":"https:\/\/unyemaden.com\/ru","objectID":10301,"objectType":"post","locale":"ru","localeFull":"ru_RU","overlayImages":{"play":{"name":"Play icon","url":"https:\/\/unyemaden.com\/wp-content\/plugins\/seo-by-rank-math\/assets\/admin\/img\/icon-play.png","path":"\/home\/unyemade\/unyemaden.com\/wp-content\/plugins\/seo-by-rank-math\/assets\/admin\/img\/icon-play.png","position":"middle_center"},"gif":{"name":"GIF icon","url":"https:\/\/unyemaden.com\/wp-content\/plugins\/seo-by-rank-math\/assets\/admin\/img\/icon-gif.png","path":"\/home\/unyemade\/unyemaden.com\/wp-content\/plugins\/seo-by-rank-math\/assets\/admin\/img\/icon-gif.png","position":"middle_center"}},"defautOgImage":"https:\/\/unyemaden.com\/wp-content\/plugins\/seo-by-rank-math\/assets\/admin\/img\/social-placeholder.jpg","customPermalinks":true,"isUserRegistered":false,"autoSuggestKeywords":false,"connectSiteUrl":"https:\/\/rankmath.com\/auth?site=https%3A%2F%2Funyemaden.com%2Fru&r=https%3A%2F%2Funyemaden.com%2Fru%2Fwp-json%2Fwp%2Fv2%2Fpages%2F10301%3Fnonce%3Dc13470145c","maxTags":5,"trendsIcon":"<svg viewBox=\"0 0 610 610\"><path d=\"M18.85,446,174.32,290.48l58.08,58.08L76.93,504a14.54,14.54,0,0,1-20.55,0L18.83,466.48a14.54,14.54,0,0,1,0-20.55Z\" style=\"fill:#4285f4\"\/><path d=\"M242.65,242.66,377.59,377.6l-47.75,47.75a14.54,14.54,0,0,1-20.55,0L174.37,290.43l47.75-47.75A14.52,14.52,0,0,1,242.65,242.66Z\" style=\"fill:#ea4335\"\/><polygon points=\"319.53 319.53 479.26 159.8 537.34 217.88 377.61 377.62 319.53 319.53\" style=\"fill:#fabb05\"\/><path d=\"M594.26,262.73V118.61h0a16.94,16.94,0,0,0-16.94-16.94H433.2a16.94,16.94,0,0,0-12,28.92L565.34,274.71h0a16.94,16.94,0,0,0,28.92-12Z\" style=\"fill:#34a853\"\/><rect width=\"610\" height=\"610\" style=\"fill:none\"\/><\/svg>","showScore":true,"siteFavIcon":"https:\/\/unyemaden.com\/wp-content\/uploads\/2023\/12\/favicon.png","canUser":{"general":false,"advanced":false,"snippet":false,"social":false,"analysis":false,"analytics":false,"content_ai":false},"isPro":false,"is_front_page":false,"trendsUpgradeLink":"https:\/\/rankmath.com\/pricing\/?utm_source=Plugin&utm_medium=CE%20General%20Tab%20Trends&utm_campaign=WP","trendsUpgradeLabel":"Upgrade","trendsPreviewImage":"https:\/\/unyemaden.com\/wp-content\/plugins\/seo-by-rank-math\/assets\/admin\/img\/trends-preview.jpg","currentEditor":false,"homepageData":{"assessor":{"powerWords":[],"diacritics":true,"researchesTests":["contentHasTOC","contentHasShortParagraphs","contentHasAssets","keywordInTitle","keywordInMetaDescription","keywordInPermalink","keywordIn10Percent","keywordInContent","keywordInSubheadings","keywordInImageAlt","keywordDensity","keywordNotUsed","lengthContent","lengthPermalink","linksHasInternal","linksHasExternals","linksNotAllExternals","titleStartWithKeyword","titleSentiment","titleHasPowerWords","titleHasNumber","hasContentAI"],"hasBreadcrumb":false,"serpData":{"title":"%sitename% %page% %sep% %sitedesc%","description":"","titleTemplate":"%sitename% %page% %sep% %sitedesc%","descriptionTemplate":"","focusKeywords":"","breadcrumbTitle":"Home","robots":{"index":true},"advancedRobots":[],"facebookTitle":"","facebookDescription":"","facebookImage":"","facebookImageID":""}}},"tocTitle":"Table of Contents","tocExcludeHeadings":[],"listStyle":"ul"},"_links":{"self":[{"href":"https:\/\/unyemaden.com\/ru\/wp-json\/wp\/v2\/pages\/10301"}],"collection":[{"href":"https:\/\/unyemaden.com\/ru\/wp-json\/wp\/v2\/pages"}],"about":[{"href":"https:\/\/unyemaden.com\/ru\/wp-json\/wp\/v2\/types\/page"}],"author":[{"embeddable":true,"href":"https:\/\/unyemaden.com\/ru\/wp-json\/wp\/v2\/users\/1"}],"replies":[{"embeddable":true,"href":"https:\/\/unyemaden.com\/ru\/wp-json\/wp\/v2\/comments?post=10301"}],"version-history":[{"count":61,"href":"https:\/\/unyemaden.com\/ru\/wp-json\/wp\/v2\/pages\/10301\/revisions"}],"predecessor-version":[{"id":11854,"href":"https:\/\/unyemaden.com\/ru\/wp-json\/wp\/v2\/pages\/10301\/revisions\/11854"}],"wp:attachment":[{"href":"https:\/\/unyemaden.com\/ru\/wp-json\/wp\/v2\/media?parent=10301"}],"curies":[{"name":"wp","href":"https:\/\/api.w.org\/{rel}","templated":true}]}}